{"id":26349,"date":"2025-10-29T15:39:38","date_gmt":"2025-10-29T18:39:38","guid":{"rendered":"https:\/\/farois-fortluz.com.br\/2026\/?post_type=product&#038;p=26349"},"modified":"2025-10-29T16:02:05","modified_gmt":"2025-10-29T19:02:05","slug":"stralis-tector-cursor-cromado-apos-2010-farol-drl-seta-sequencial","status":"publish","type":"product","link":"https:\/\/farois-fortluz.com.br\/2026\/index.php\/product\/stralis-tector-cursor-cromado-apos-2010-farol-drl-seta-sequencial\/","title":{"rendered":"Stralis \/ Tector \/ Cursor \u2013 Cromado ap\u00f3s 2010 &#8211; Farol DRL Seta Sequencial"},"content":{"rendered":"<p>Farol DRL Seta Sequencial: instala\u00e7\u00e3o feita na parte interna do farol<\/p>\n<p>Lente de Vidro<\/p>\n<p>C\u00f3d. 605LED LE<br \/>\nC\u00f3d. 606LED LD<\/p>\n<p>FOSCO 06\/10<br \/>\nC\u00f3d. 607LED LE<br \/>\nC\u00f3d. 608LED LD<\/p>\n","protected":false},"excerpt":{"rendered":"<p>Farol DRL Seta Sequencial: instala\u00e7\u00e3o feita na parte interna do farol<\/p>\n<p>Lente de Vidro<\/p>\n<p>C\u00f3d. 605LED LE<br \/>\nC\u00f3d. 606LED LD<\/p>\n<p>FOSCO 06\/10<br \/>\nC\u00f3d. 607LED LE<br \/>\nC\u00f3d. 608LED LD<\/p>\n","protected":false},"featured_media":26411,"comment_status":"open","ping_status":"closed","template":"","meta":[],"product_brand":[153],"product_cat":[16,77,79],"product_tag":[],"location":[],"class_list":{"0":"post-26349","1":"product","2":"type-product","3":"status-publish","4":"has-post-thumbnail","6":"product_brand-iveco","7":"product_cat-uncategorized","8":"product_cat-linha-pesada","9":"product_cat-iveco","10":"nt-post-class","11":"","17":"first","18":"instock","19":"shipping-taxable","20":"product-type-simple"},"_links":{"self":[{"href":"https:\/\/farois-fortluz.com.br\/2026\/index.php\/wp-json\/wp\/v2\/product\/26349","targetHints":{"allow":["GET"]}}],"collection":[{"href":"https:\/\/farois-fortluz.com.br\/2026\/index.php\/wp-json\/wp\/v2\/product"}],"about":[{"href":"https:\/\/farois-fortluz.com.br\/2026\/index.php\/wp-json\/wp\/v2\/types\/product"}],"replies":[{"embeddable":true,"href":"https:\/\/farois-fortluz.com.br\/2026\/index.php\/wp-json\/wp\/v2\/comments?post=26349"}],"version-history":[{"count":3,"href":"https:\/\/farois-fortluz.com.br\/2026\/index.php\/wp-json\/wp\/v2\/product\/26349\/revisions"}],"predecessor-version":[{"id":26423,"href":"https:\/\/farois-fortluz.com.br\/2026\/index.php\/wp-json\/wp\/v2\/product\/26349\/revisions\/26423"}],"wp:featuredmedia":[{"embeddable":true,"href":"https:\/\/farois-fortluz.com.br\/2026\/index.php\/wp-json\/wp\/v2\/media\/26411"}],"wp:attachment":[{"href":"https:\/\/farois-fortluz.com.br\/2026\/index.php\/wp-json\/wp\/v2\/media?parent=26349"}],"wp:term":[{"taxonomy":"product_brand","embeddable":true,"href":"https:\/\/farois-fortluz.com.br\/2026\/index.php\/wp-json\/wp\/v2\/product_brand?post=26349"},{"taxonomy":"product_cat","embeddable":true,"href":"https:\/\/farois-fortluz.com.br\/2026\/index.php\/wp-json\/wp\/v2\/product_cat?post=26349"},{"taxonomy":"product_tag","embeddable":true,"href":"https:\/\/farois-fortluz.com.br\/2026\/index.php\/wp-json\/wp\/v2\/product_tag?post=26349"},{"taxonomy":"location","embeddable":true,"href":"https:\/\/farois-fortluz.com.br\/2026\/index.php\/wp-json\/wp\/v2\/location?post=26349"}],"curies":[{"name":"wp","href":"https:\/\/api.w.org\/{rel}","templated":true}]}}