{"id":25784,"date":"2025-09-20T09:34:39","date_gmt":"2025-09-20T12:34:39","guid":{"rendered":"https:\/\/farois-fortluz.com.br\/2026\/?post_type=product&#038;p=25784"},"modified":"2025-10-28T18:46:47","modified_gmt":"2025-10-28T21:46:47","slug":"adaptacao-palio-weekend-siena-strada-1996-a-2000-2","status":"publish","type":"product","link":"https:\/\/farois-fortluz.com.br\/2026\/index.php\/product\/adaptacao-palio-weekend-siena-strada-1996-a-2000-2\/","title":{"rendered":"ADAPTA\u00c7\u00c3O PALIO| WEEKEND| SIENA | STRADA 1996 A 2000"},"content":{"rendered":"<p><strong>ADAPTA\u00c7\u00c3O<\/strong><\/p>\n<p>995 Esquerdo<\/p>\n<p>992 Direito<\/p>\n<p>&nbsp;<\/p>\n<p>Utiliza l\u00e2mpada H3<\/p>\n","protected":false},"excerpt":{"rendered":"<p><strong>ADAPTA\u00c7\u00c3O<\/strong><\/p>\n<p>995 Esquerdo<\/p>\n<p>992 Direito<\/p>\n<p>&nbsp;<\/p>\n<p>Utiliza l\u00e2mpada H3<\/p>\n","protected":false},"featured_media":23934,"comment_status":"open","ping_status":"closed","template":"","meta":[],"product_brand":[108],"product_cat":[61],"product_tag":[],"location":[],"class_list":{"0":"post-25784","1":"product","2":"type-product","3":"status-publish","4":"has-post-thumbnail","6":"product_brand-fiat","7":"product_cat-fiat","8":"nt-post-class","9":"","15":"first","16":"instock","17":"shipping-taxable","18":"product-type-simple"},"_links":{"self":[{"href":"https:\/\/farois-fortluz.com.br\/2026\/index.php\/wp-json\/wp\/v2\/product\/25784","targetHints":{"allow":["GET"]}}],"collection":[{"href":"https:\/\/farois-fortluz.com.br\/2026\/index.php\/wp-json\/wp\/v2\/product"}],"about":[{"href":"https:\/\/farois-fortluz.com.br\/2026\/index.php\/wp-json\/wp\/v2\/types\/product"}],"replies":[{"embeddable":true,"href":"https:\/\/farois-fortluz.com.br\/2026\/index.php\/wp-json\/wp\/v2\/comments?post=25784"}],"version-history":[{"count":3,"href":"https:\/\/farois-fortluz.com.br\/2026\/index.php\/wp-json\/wp\/v2\/product\/25784\/revisions"}],"predecessor-version":[{"id":26228,"href":"https:\/\/farois-fortluz.com.br\/2026\/index.php\/wp-json\/wp\/v2\/product\/25784\/revisions\/26228"}],"wp:featuredmedia":[{"embeddable":true,"href":"https:\/\/farois-fortluz.com.br\/2026\/index.php\/wp-json\/wp\/v2\/media\/23934"}],"wp:attachment":[{"href":"https:\/\/farois-fortluz.com.br\/2026\/index.php\/wp-json\/wp\/v2\/media?parent=25784"}],"wp:term":[{"taxonomy":"product_brand","embeddable":true,"href":"https:\/\/farois-fortluz.com.br\/2026\/index.php\/wp-json\/wp\/v2\/product_brand?post=25784"},{"taxonomy":"product_cat","embeddable":true,"href":"https:\/\/farois-fortluz.com.br\/2026\/index.php\/wp-json\/wp\/v2\/product_cat?post=25784"},{"taxonomy":"product_tag","embeddable":true,"href":"https:\/\/farois-fortluz.com.br\/2026\/index.php\/wp-json\/wp\/v2\/product_tag?post=25784"},{"taxonomy":"location","embeddable":true,"href":"https:\/\/farois-fortluz.com.br\/2026\/index.php\/wp-json\/wp\/v2\/location?post=25784"}],"curies":[{"name":"wp","href":"https:\/\/api.w.org\/{rel}","templated":true}]}}