{"id":24636,"date":"2025-09-15T19:31:53","date_gmt":"2025-09-15T22:31:53","guid":{"rendered":"https:\/\/farois-fortluz.com.br\/2026\/?post_type=product&#038;p=24636"},"modified":"2025-10-29T15:02:07","modified_gmt":"2025-10-29T18:02:07","slug":"112-113-cristal","status":"publish","type":"product","link":"https:\/\/farois-fortluz.com.br\/2026\/index.php\/product\/112-113-cristal\/","title":{"rendered":"112 | 113 CRISTAL"},"content":{"rendered":"<p><!--StartFragment --><\/p>\n<p class=\"pf0\"><span class=\"cf0\">580 Farol de milha 058.317.9<\/span><\/p>\n<p class=\"pf0\"><span class=\"cf0\">carca\u00e7a nylon resistente ao<\/span><\/p>\n<p class=\"pf0\"><span class=\"cf0\">calor e \u00e0 vibra\u00e7\u00e3o<\/span><\/p>\n<p class=\"pf0\"><span class=\"cf0\">580BL Bloco neblina &#8211; Lente de vidro<\/span><\/p>\n<p class=\"pf0\"><span class=\"cf0\">Utiliza l\u00e2mpada H3<\/span><\/p>\n<p class=\"pf0\"><span class=\"cf0\">240x130mm<\/span><\/p>\n<p><!--EndFragment --><\/p>\n","protected":false},"excerpt":{"rendered":"<p class=\"pf0\"><span class=\"cf0\">580 Farol de milha 058.317.9<\/span><\/p>\n<p class=\"pf0\"><span class=\"cf0\">carca\u00e7a nylon resistente ao<\/span><\/p>\n<p class=\"pf0\"><span class=\"cf0\">calor e \u00e0 vibra\u00e7\u00e3o<\/span><\/p>\n<p class=\"pf0\"><span class=\"cf0\">580BL Bloco neblina &#8211; Lente de vidro<\/span><\/p>\n<p class=\"pf0\"><span class=\"cf0\">Utiliza l\u00e2mpada H3<\/span><\/p>\n<p class=\"pf0\"><span class=\"cf0\">240x130mm<\/span><\/p>\n","protected":false},"featured_media":24637,"comment_status":"open","ping_status":"closed","template":"","meta":[],"product_brand":[158,156,157],"product_cat":[84,82,83],"product_tag":[],"location":[],"class_list":{"0":"post-24636","1":"product","2":"type-product","3":"status-publish","4":"has-post-thumbnail","6":"product_brand-randon","7":"product_brand-scania","8":"product_brand-volvo","9":"product_cat-randon","10":"product_cat-scania","11":"product_cat-volvo","12":"nt-post-class","13":"","19":"first","20":"instock","21":"shipping-taxable","22":"product-type-simple"},"_links":{"self":[{"href":"https:\/\/farois-fortluz.com.br\/2026\/index.php\/wp-json\/wp\/v2\/product\/24636","targetHints":{"allow":["GET"]}}],"collection":[{"href":"https:\/\/farois-fortluz.com.br\/2026\/index.php\/wp-json\/wp\/v2\/product"}],"about":[{"href":"https:\/\/farois-fortluz.com.br\/2026\/index.php\/wp-json\/wp\/v2\/types\/product"}],"replies":[{"embeddable":true,"href":"https:\/\/farois-fortluz.com.br\/2026\/index.php\/wp-json\/wp\/v2\/comments?post=24636"}],"version-history":[{"count":3,"href":"https:\/\/farois-fortluz.com.br\/2026\/index.php\/wp-json\/wp\/v2\/product\/24636\/revisions"}],"predecessor-version":[{"id":26391,"href":"https:\/\/farois-fortluz.com.br\/2026\/index.php\/wp-json\/wp\/v2\/product\/24636\/revisions\/26391"}],"wp:featuredmedia":[{"embeddable":true,"href":"https:\/\/farois-fortluz.com.br\/2026\/index.php\/wp-json\/wp\/v2\/media\/24637"}],"wp:attachment":[{"href":"https:\/\/farois-fortluz.com.br\/2026\/index.php\/wp-json\/wp\/v2\/media?parent=24636"}],"wp:term":[{"taxonomy":"product_brand","embeddable":true,"href":"https:\/\/farois-fortluz.com.br\/2026\/index.php\/wp-json\/wp\/v2\/product_brand?post=24636"},{"taxonomy":"product_cat","embeddable":true,"href":"https:\/\/farois-fortluz.com.br\/2026\/index.php\/wp-json\/wp\/v2\/product_cat?post=24636"},{"taxonomy":"product_tag","embeddable":true,"href":"https:\/\/farois-fortluz.com.br\/2026\/index.php\/wp-json\/wp\/v2\/product_tag?post=24636"},{"taxonomy":"location","embeddable":true,"href":"https:\/\/farois-fortluz.com.br\/2026\/index.php\/wp-json\/wp\/v2\/location?post=24636"}],"curies":[{"name":"wp","href":"https:\/\/api.w.org\/{rel}","templated":true}]}}